{"id":2601,"date":"2024-11-04T13:35:39","date_gmt":"2024-11-04T13:35:39","guid":{"rendered":"https:\/\/www.nevastar.com\/gestion-des-actifs\/pin-ii\/"},"modified":"2024-12-19T12:33:23","modified_gmt":"2024-12-19T12:33:23","slug":"pin-ii","status":"publish","type":"page","link":"https:\/\/www.nevastar.com\/fr\/gestion-des-actifs\/pin-ii\/","title":{"rendered":"Pin II"},"content":{"rendered":"\t\t<div data-elementor-type=\"wp-page\" data-elementor-id=\"2601\" class=\"elementor elementor-2601 elementor-1574\" data-elementor-post-type=\"page\">\n\t\t\t\t<div class=\"elementor-element elementor-element-b65bbc2 e-con-full e-flex e-con e-parent\" data-id=\"b65bbc2\" data-element_type=\"container\" data-settings=\"{&quot;background_background&quot;:&quot;gradient&quot;,&quot;background_motion_fx_scale_direction&quot;:&quot;out-in-out&quot;,&quot;background_motion_fx_scale_speed&quot;:{&quot;unit&quot;:&quot;px&quot;,&quot;size&quot;:2,&quot;sizes&quot;:[]},&quot;background_motion_fx_scale_effect&quot;:&quot;yes&quot;,&quot;background_motion_fx_scale_range&quot;:{&quot;unit&quot;:&quot;%&quot;,&quot;size&quot;:&quot;&quot;,&quot;sizes&quot;:{&quot;start&quot;:40,&quot;end&quot;:100}},&quot;background_motion_fx_range&quot;:&quot;page&quot;,&quot;background_motion_fx_devices&quot;:[&quot;desktop&quot;,&quot;tablet&quot;,&quot;mobile&quot;]}\">\n\t\t<div class=\"elementor-element elementor-element-ad57368 e-flex e-con-boxed e-con e-child\" data-id=\"ad57368\" data-element_type=\"container\">\n\t\t\t\t\t<div class=\"e-con-inner\">\n\t\t<div class=\"elementor-element elementor-element-b723daf e-con-full e-flex e-con e-child\" data-id=\"b723daf\" data-element_type=\"container\">\n\t\t\t\t<div class=\"elementor-element elementor-element-5f357e3 elementor-widget__width-auto animated-fast elementor-invisible elementor-widget elementor-widget-heading\" data-id=\"5f357e3\" data-element_type=\"widget\" data-settings=\"{&quot;_animation&quot;:&quot;fadeInUp&quot;}\" data-widget_type=\"heading.default\">\n\t\t\t\t<div class=\"elementor-widget-container\">\n\t\t\t<h1 class=\"elementor-heading-title elementor-size-default\">Pin II<\/h1>\t\t<\/div>\n\t\t\t\t<\/div>\n\t\t\t\t<\/div>\n\t\t\t\t\t<\/div>\n\t\t\t\t<\/div>\n\t\t\t\t<\/div>\n\t\t<div class=\"elementor-element elementor-element-4483189 e-con-full e-flex e-con e-parent\" data-id=\"4483189\" data-element_type=\"container\">\n\t\t\t\t<div class=\"elementor-element elementor-element-6c0a81f elementor-widget-divider--view-line elementor-invisible elementor-widget elementor-widget-divider\" data-id=\"6c0a81f\" data-element_type=\"widget\" data-settings=\"{&quot;sticky&quot;:&quot;top&quot;,&quot;_animation&quot;:&quot;fadeInLeft&quot;,&quot;sticky_on&quot;:[&quot;desktop&quot;,&quot;tablet&quot;,&quot;mobile&quot;],&quot;sticky_offset&quot;:0,&quot;sticky_effects_offset&quot;:0,&quot;sticky_anchor_link_offset&quot;:0}\" data-widget_type=\"divider.default\">\n\t\t\t\t<div class=\"elementor-widget-container\">\n\t\t\t\t\t<div class=\"elementor-divider\">\n\t\t\t<span class=\"elementor-divider-separator\">\n\t\t\t\t\t\t<\/span>\n\t\t<\/div>\n\t\t\t\t<\/div>\n\t\t\t\t<\/div>\n\t\t\t\t<\/div>\n\t\t<div class=\"elementor-element elementor-element-4ace5d1 e-flex e-con-boxed e-con e-parent\" data-id=\"4ace5d1\" data-element_type=\"container\">\n\t\t\t\t\t<div class=\"e-con-inner\">\n\t\t<div class=\"elementor-element elementor-element-5412775 e-con-full e-flex e-con e-child\" data-id=\"5412775\" data-element_type=\"container\" data-settings=\"{&quot;background_background&quot;:&quot;classic&quot;}\">\n\t\t<div class=\"elementor-element elementor-element-00a3475 e-con-full e-flex e-con e-child\" data-id=\"00a3475\" data-element_type=\"container\">\n\t\t\t\t<div class=\"elementor-element elementor-element-b3def6d elementor-widget elementor-widget-heading\" data-id=\"b3def6d\" data-element_type=\"widget\" data-widget_type=\"heading.default\">\n\t\t\t\t<div class=\"elementor-widget-container\">\n\t\t\t<h2 class=\"elementor-heading-title elementor-size-default\">Royaume-Uni \u00c9ducation Immobilier<\/h2>\t\t<\/div>\n\t\t\t\t<\/div>\n\t\t\t\t<div class=\"elementor-element elementor-element-d871cc7 elementor-widget elementor-widget-text-editor\" data-id=\"d871cc7\" data-element_type=\"widget\" data-widget_type=\"text-editor.default\">\n\t\t\t\t<div class=\"elementor-widget-container\">\n\t\t\t\t\t\t\t<p>L&rsquo;objectif principal du Fonds est d&rsquo;offrir aux investisseurs des rendements attrayants ajust\u00e9s au risque en investissant dans des biens immobiliers \u00e0 vocation \u00e9ducative situ\u00e9s au Royaume-Uni.<br \/>\nLe fonds cherchera \u00e0 atteindre son objectif d&rsquo;investissement en recherchant, en acqu\u00e9rant et en g\u00e9rant des actifs immobiliers non cot\u00e9s lou\u00e9s \u00e0 des entreprises pour la fourniture de services d&rsquo;\u00e9ducation, qui doivent \u00eatre situ\u00e9s dans tout le Royaume-Uni, en se concentrant sur les zones pr\u00e9sentant de solides fondamentaux d\u00e9mographiques. <\/p>\n<p>Les actifs li\u00e9s \u00e0 l&rsquo;\u00e9ducation peuvent comprendre des \u00e9coles, des \u00e9coles priv\u00e9es, des cr\u00e8ches, des \u00e9coles sp\u00e9cialis\u00e9es, des b\u00e2timents d&rsquo;enseignement sup\u00e9rieur, des actifs li\u00e9s \u00e0 la formation continue et des \u00e9coles sp\u00e9cialis\u00e9es (par exemple, musique, commerce, etc.).<\/p>\n\t\t\t\t\t\t<\/div>\n\t\t\t\t<\/div>\n\t\t\t\t<\/div>\n\t\t\t\t<\/div>\n\t\t<div class=\"elementor-element elementor-element-671546e e-con-full e-flex e-con e-child\" data-id=\"671546e\" data-element_type=\"container\" data-settings=\"{&quot;background_background&quot;:&quot;classic&quot;}\">\n\t\t\t\t<\/div>\n\t\t\t\t\t<\/div>\n\t\t\t\t<\/div>\n\t\t\t\t<\/div>\n\t\t","protected":false},"excerpt":{"rendered":"<p>Pin II Royaume-Uni \u00c9ducation Immobilier L&rsquo;objectif principal du Fonds est d&rsquo;offrir aux investisseurs des rendements attrayants ajust\u00e9s au risque en investissant dans des biens immobiliers \u00e0 vocation \u00e9ducative situ\u00e9s au Royaume-Uni. Le fonds cherchera \u00e0 atteindre son objectif d&rsquo;investissement en recherchant, en acqu\u00e9rant et en g\u00e9rant des actifs immobiliers non cot\u00e9s lou\u00e9s \u00e0 des entreprises [&hellip;]<\/p>\n","protected":false},"author":1,"featured_media":0,"parent":2554,"menu_order":0,"comment_status":"closed","ping_status":"closed","template":"","meta":{"_acf_changed":false,"footnotes":""},"class_list":["post-2601","page","type-page","status-publish","hentry"],"acf":[],"yoast_head":"<!-- This site is optimized with the Yoast SEO plugin v27.3 - https:\/\/yoast.com\/product\/yoast-seo-wordpress\/ -->\n<title>Pin II &#062; Nevastar Finance<\/title>\n<meta name=\"robots\" content=\"index, follow, max-snippet:-1, max-image-preview:large, max-video-preview:-1\" \/>\n<link rel=\"canonical\" href=\"https:\/\/www.nevastar.com\/asset-management\/pine-ii\/\" \/>\n<meta property=\"og:locale\" content=\"fr_FR\" \/>\n<meta property=\"og:type\" content=\"article\" \/>\n<meta property=\"og:title\" content=\"Pin II &#062; Nevastar Finance\" \/>\n<meta property=\"og:description\" content=\"Pin II Royaume-Uni \u00c9ducation Immobilier L&rsquo;objectif principal du Fonds est d&rsquo;offrir aux investisseurs des rendements attrayants ajust\u00e9s au risque en investissant dans des biens immobiliers \u00e0 vocation \u00e9ducative situ\u00e9s au Royaume-Uni. Le fonds cherchera \u00e0 atteindre son objectif d&rsquo;investissement en recherchant, en acqu\u00e9rant et en g\u00e9rant des actifs immobiliers non cot\u00e9s lou\u00e9s \u00e0 des entreprises [&hellip;]\" \/>\n<meta property=\"og:url\" content=\"https:\/\/www.nevastar.com\/asset-management\/pine-ii\/\" \/>\n<meta property=\"og:site_name\" content=\"Nevastar Finance\" \/>\n<meta property=\"article:modified_time\" content=\"2024-12-19T12:33:23+00:00\" \/>\n<meta property=\"og:image\" content=\"https:\/\/www.nevastar.com\/wp-content\/uploads\/Logo-Nevastar-RDV.png\" \/>\n\t<meta property=\"og:image:width\" content=\"2712\" \/>\n\t<meta property=\"og:image:height\" content=\"600\" \/>\n\t<meta property=\"og:image:type\" content=\"image\/png\" \/>\n<meta name=\"twitter:card\" content=\"summary_large_image\" \/>\n<meta name=\"twitter:label1\" content=\"Dur\u00e9e de lecture estim\u00e9e\" \/>\n\t<meta name=\"twitter:data1\" content=\"1 minute\" \/>\n<script type=\"application\/ld+json\" class=\"yoast-schema-graph\">{\"@context\":\"https:\\\/\\\/schema.org\",\"@graph\":[{\"@type\":\"WebPage\",\"@id\":\"https:\\\/\\\/www.nevastar.com\\\/asset-management\\\/pine-ii\\\/\",\"url\":\"https:\\\/\\\/www.nevastar.com\\\/asset-management\\\/pine-ii\\\/\",\"name\":\"Pin II &#062; Nevastar Finance\",\"isPartOf\":{\"@id\":\"https:\\\/\\\/www.nevastar.com\\\/#website\"},\"datePublished\":\"2024-11-04T13:35:39+00:00\",\"dateModified\":\"2024-12-19T12:33:23+00:00\",\"breadcrumb\":{\"@id\":\"https:\\\/\\\/www.nevastar.com\\\/asset-management\\\/pine-ii\\\/#breadcrumb\"},\"inLanguage\":\"fr-FR\",\"potentialAction\":[{\"@type\":\"ReadAction\",\"target\":[\"https:\\\/\\\/www.nevastar.com\\\/asset-management\\\/pine-ii\\\/\"]}]},{\"@type\":\"BreadcrumbList\",\"@id\":\"https:\\\/\\\/www.nevastar.com\\\/asset-management\\\/pine-ii\\\/#breadcrumb\",\"itemListElement\":[{\"@type\":\"ListItem\",\"position\":1,\"name\":\"Home\",\"item\":\"https:\\\/\\\/www.nevastar.com\\\/\"},{\"@type\":\"ListItem\",\"position\":2,\"name\":\"Gestion des actifs\",\"item\":\"https:\\\/\\\/www.nevastar.com\\\/asset-management\\\/\"},{\"@type\":\"ListItem\",\"position\":3,\"name\":\"Pin II\"}]},{\"@type\":\"WebSite\",\"@id\":\"https:\\\/\\\/www.nevastar.com\\\/#website\",\"url\":\"https:\\\/\\\/www.nevastar.com\\\/\",\"name\":\"Nevastar Finance\",\"description\":\"Nevastar Finance is an Independent Wealth &amp; Asset Management Company\",\"publisher\":{\"@id\":\"https:\\\/\\\/www.nevastar.com\\\/#organization\"},\"potentialAction\":[{\"@type\":\"SearchAction\",\"target\":{\"@type\":\"EntryPoint\",\"urlTemplate\":\"https:\\\/\\\/www.nevastar.com\\\/?s={search_term_string}\"},\"query-input\":{\"@type\":\"PropertyValueSpecification\",\"valueRequired\":true,\"valueName\":\"search_term_string\"}}],\"inLanguage\":\"fr-FR\"},{\"@type\":\"Organization\",\"@id\":\"https:\\\/\\\/www.nevastar.com\\\/#organization\",\"name\":\"Nevastar Finance\",\"url\":\"https:\\\/\\\/www.nevastar.com\\\/\",\"logo\":{\"@type\":\"ImageObject\",\"inLanguage\":\"fr-FR\",\"@id\":\"https:\\\/\\\/www.nevastar.com\\\/#\\\/schema\\\/logo\\\/image\\\/\",\"url\":\"https:\\\/\\\/www.nevastar.com\\\/wp-content\\\/uploads\\\/Logo-Nevastar-RDV.png\",\"contentUrl\":\"https:\\\/\\\/www.nevastar.com\\\/wp-content\\\/uploads\\\/Logo-Nevastar-RDV.png\",\"width\":2712,\"height\":600,\"caption\":\"Nevastar Finance\"},\"image\":{\"@id\":\"https:\\\/\\\/www.nevastar.com\\\/#\\\/schema\\\/logo\\\/image\\\/\"}}]}<\/script>\n<!-- \/ Yoast SEO plugin. -->","yoast_head_json":{"title":"Pin II &#062; Nevastar Finance","robots":{"index":"index","follow":"follow","max-snippet":"max-snippet:-1","max-image-preview":"max-image-preview:large","max-video-preview":"max-video-preview:-1"},"canonical":"https:\/\/www.nevastar.com\/asset-management\/pine-ii\/","og_locale":"fr_FR","og_type":"article","og_title":"Pin II &#062; Nevastar Finance","og_description":"Pin II Royaume-Uni \u00c9ducation Immobilier L&rsquo;objectif principal du Fonds est d&rsquo;offrir aux investisseurs des rendements attrayants ajust\u00e9s au risque en investissant dans des biens immobiliers \u00e0 vocation \u00e9ducative situ\u00e9s au Royaume-Uni. Le fonds cherchera \u00e0 atteindre son objectif d&rsquo;investissement en recherchant, en acqu\u00e9rant et en g\u00e9rant des actifs immobiliers non cot\u00e9s lou\u00e9s \u00e0 des entreprises [&hellip;]","og_url":"https:\/\/www.nevastar.com\/asset-management\/pine-ii\/","og_site_name":"Nevastar Finance","article_modified_time":"2024-12-19T12:33:23+00:00","og_image":[{"width":2712,"height":600,"url":"https:\/\/www.nevastar.com\/wp-content\/uploads\/Logo-Nevastar-RDV.png","type":"image\/png"}],"twitter_card":"summary_large_image","twitter_misc":{"Dur\u00e9e de lecture estim\u00e9e":"1 minute"},"schema":{"@context":"https:\/\/schema.org","@graph":[{"@type":"WebPage","@id":"https:\/\/www.nevastar.com\/asset-management\/pine-ii\/","url":"https:\/\/www.nevastar.com\/asset-management\/pine-ii\/","name":"Pin II &#062; Nevastar Finance","isPartOf":{"@id":"https:\/\/www.nevastar.com\/#website"},"datePublished":"2024-11-04T13:35:39+00:00","dateModified":"2024-12-19T12:33:23+00:00","breadcrumb":{"@id":"https:\/\/www.nevastar.com\/asset-management\/pine-ii\/#breadcrumb"},"inLanguage":"fr-FR","potentialAction":[{"@type":"ReadAction","target":["https:\/\/www.nevastar.com\/asset-management\/pine-ii\/"]}]},{"@type":"BreadcrumbList","@id":"https:\/\/www.nevastar.com\/asset-management\/pine-ii\/#breadcrumb","itemListElement":[{"@type":"ListItem","position":1,"name":"Home","item":"https:\/\/www.nevastar.com\/"},{"@type":"ListItem","position":2,"name":"Gestion des actifs","item":"https:\/\/www.nevastar.com\/asset-management\/"},{"@type":"ListItem","position":3,"name":"Pin II"}]},{"@type":"WebSite","@id":"https:\/\/www.nevastar.com\/#website","url":"https:\/\/www.nevastar.com\/","name":"Nevastar Finance","description":"Nevastar Finance is an Independent Wealth &amp; Asset Management Company","publisher":{"@id":"https:\/\/www.nevastar.com\/#organization"},"potentialAction":[{"@type":"SearchAction","target":{"@type":"EntryPoint","urlTemplate":"https:\/\/www.nevastar.com\/?s={search_term_string}"},"query-input":{"@type":"PropertyValueSpecification","valueRequired":true,"valueName":"search_term_string"}}],"inLanguage":"fr-FR"},{"@type":"Organization","@id":"https:\/\/www.nevastar.com\/#organization","name":"Nevastar Finance","url":"https:\/\/www.nevastar.com\/","logo":{"@type":"ImageObject","inLanguage":"fr-FR","@id":"https:\/\/www.nevastar.com\/#\/schema\/logo\/image\/","url":"https:\/\/www.nevastar.com\/wp-content\/uploads\/Logo-Nevastar-RDV.png","contentUrl":"https:\/\/www.nevastar.com\/wp-content\/uploads\/Logo-Nevastar-RDV.png","width":2712,"height":600,"caption":"Nevastar Finance"},"image":{"@id":"https:\/\/www.nevastar.com\/#\/schema\/logo\/image\/"}}]}},"_links":{"self":[{"href":"https:\/\/www.nevastar.com\/fr\/wp-json\/wp\/v2\/pages\/2601","targetHints":{"allow":["GET"]}}],"collection":[{"href":"https:\/\/www.nevastar.com\/fr\/wp-json\/wp\/v2\/pages"}],"about":[{"href":"https:\/\/www.nevastar.com\/fr\/wp-json\/wp\/v2\/types\/page"}],"author":[{"embeddable":true,"href":"https:\/\/www.nevastar.com\/fr\/wp-json\/wp\/v2\/users\/1"}],"replies":[{"embeddable":true,"href":"https:\/\/www.nevastar.com\/fr\/wp-json\/wp\/v2\/comments?post=2601"}],"version-history":[{"count":2,"href":"https:\/\/www.nevastar.com\/fr\/wp-json\/wp\/v2\/pages\/2601\/revisions"}],"predecessor-version":[{"id":3307,"href":"https:\/\/www.nevastar.com\/fr\/wp-json\/wp\/v2\/pages\/2601\/revisions\/3307"}],"up":[{"embeddable":true,"href":"https:\/\/www.nevastar.com\/fr\/wp-json\/wp\/v2\/pages\/2554"}],"wp:attachment":[{"href":"https:\/\/www.nevastar.com\/fr\/wp-json\/wp\/v2\/media?parent=2601"}],"curies":[{"name":"wp","href":"https:\/\/api.w.org\/{rel}","templated":true}]}}